{"id":13,"date":"2022-05-27T00:13:03","date_gmt":"2022-05-26T22:13:03","guid":{"rendered":"http:\/\/mzmconception.com\/?page_id=13"},"modified":"2022-05-27T00:13:03","modified_gmt":"2022-05-26T22:13:03","slug":"a-propos-de","status":"publish","type":"page","link":"https:\/\/mzmconception.com\/index.php\/a-propos-de\/","title":{"rendered":"\u00c0 propos de"},"content":{"rendered":"\n<p>Vous pourriez \u00eatre un artiste et vouloir pr\u00e9senter vos travaux et vous m\u00eame ou encore \u00eatre une entreprise avec une mission \u00e0 promouvoir.<\/p>\n","protected":false},"excerpt":{"rendered":"<p>Vous pourriez \u00eatre un artiste et vouloir pr\u00e9senter vos travaux et vous m\u00eame ou encore \u00eatre une entreprise avec une mission \u00e0 promouvoir.<\/p>\n","protected":false},"author":1,"featured_media":0,"parent":0,"menu_order":0,"comment_status":"closed","ping_status":"closed","template":"","meta":{"spay_email":"","footnotes":""},"class_list":["post-13","page","type-page","status-publish","hentry"],"yoast_head":"<!-- This site is optimized with the Yoast SEO plugin v19.0 - https:\/\/yoast.com\/wordpress\/plugins\/seo\/ -->\n<title>\u00c0 propos de - MZM<\/title>\n<meta name=\"robots\" content=\"index, follow, max-snippet:-1, max-image-preview:large, max-video-preview:-1\" \/>\n<link rel=\"canonical\" href=\"https:\/\/mzmconception.com\/index.php\/a-propos-de\/\" \/>\n<meta property=\"og:locale\" content=\"en_US\" \/>\n<meta property=\"og:type\" content=\"article\" \/>\n<meta property=\"og:title\" content=\"\u00c0 propos de - MZM\" \/>\n<meta property=\"og:description\" content=\"Vous pourriez \u00eatre un artiste et vouloir pr\u00e9senter vos travaux et vous m\u00eame ou encore \u00eatre une entreprise avec une mission \u00e0 promouvoir.\" \/>\n<meta property=\"og:url\" content=\"https:\/\/mzmconception.com\/index.php\/a-propos-de\/\" \/>\n<meta property=\"og:site_name\" content=\"MZM\" \/>\n<meta name=\"twitter:card\" content=\"summary_large_image\" \/>\n<script type=\"application\/ld+json\" class=\"yoast-schema-graph\">{\"@context\":\"https:\/\/schema.org\",\"@graph\":[{\"@type\":[\"Person\",\"Organization\"],\"@id\":\"https:\/\/mzmconception.com\/#\/schema\/person\/ca203a520e41e0dbcf934b61aee390e3\",\"name\":\"admin5525\",\"image\":{\"@type\":\"ImageObject\",\"inLanguage\":\"en-US\",\"@id\":\"https:\/\/mzmconception.com\/#\/schema\/person\/image\/\",\"url\":\"https:\/\/mzmconception.com\/wp-content\/uploads\/2022\/05\/cropped-cropped-MzmRaiders-Recupere.jpg\",\"contentUrl\":\"https:\/\/mzmconception.com\/wp-content\/uploads\/2022\/05\/cropped-cropped-MzmRaiders-Recupere.jpg\",\"width\":512,\"height\":512,\"caption\":\"admin5525\"},\"logo\":{\"@id\":\"https:\/\/mzmconception.com\/#\/schema\/person\/image\/\"},\"sameAs\":[\"http:\/\/mzmconception.com\",\"https:\/\/www.instagram.com\/mzmconception\"]},{\"@type\":\"WebSite\",\"@id\":\"https:\/\/mzmconception.com\/#website\",\"url\":\"https:\/\/mzmconception.com\/\",\"name\":\"MZM\",\"description\":\"\",\"publisher\":{\"@id\":\"https:\/\/mzmconception.com\/#\/schema\/person\/ca203a520e41e0dbcf934b61aee390e3\"},\"potentialAction\":[{\"@type\":\"SearchAction\",\"target\":{\"@type\":\"EntryPoint\",\"urlTemplate\":\"https:\/\/mzmconception.com\/?s={search_term_string}\"},\"query-input\":\"required name=search_term_string\"}],\"inLanguage\":\"en-US\"},{\"@type\":\"WebPage\",\"@id\":\"https:\/\/mzmconception.com\/index.php\/a-propos-de\/#webpage\",\"url\":\"https:\/\/mzmconception.com\/index.php\/a-propos-de\/\",\"name\":\"\u00c0 propos de - MZM\",\"isPartOf\":{\"@id\":\"https:\/\/mzmconception.com\/#website\"},\"datePublished\":\"2022-05-26T22:13:03+00:00\",\"dateModified\":\"2022-05-26T22:13:03+00:00\",\"breadcrumb\":{\"@id\":\"https:\/\/mzmconception.com\/index.php\/a-propos-de\/#breadcrumb\"},\"inLanguage\":\"en-US\",\"potentialAction\":[{\"@type\":\"ReadAction\",\"target\":[\"https:\/\/mzmconception.com\/index.php\/a-propos-de\/\"]}]},{\"@type\":\"BreadcrumbList\",\"@id\":\"https:\/\/mzmconception.com\/index.php\/a-propos-de\/#breadcrumb\",\"itemListElement\":[{\"@type\":\"ListItem\",\"position\":1,\"name\":\"Accueil\",\"item\":\"https:\/\/mzmconception.com\/\"},{\"@type\":\"ListItem\",\"position\":2,\"name\":\"\u00c0 propos de\"}]}]}<\/script>\n<!-- \/ Yoast SEO plugin. -->","yoast_head_json":{"title":"\u00c0 propos de - MZM","robots":{"index":"index","follow":"follow","max-snippet":"max-snippet:-1","max-image-preview":"max-image-preview:large","max-video-preview":"max-video-preview:-1"},"canonical":"https:\/\/mzmconception.com\/index.php\/a-propos-de\/","og_locale":"en_US","og_type":"article","og_title":"\u00c0 propos de - MZM","og_description":"Vous pourriez \u00eatre un artiste et vouloir pr\u00e9senter vos travaux et vous m\u00eame ou encore \u00eatre une entreprise avec une mission \u00e0 promouvoir.","og_url":"https:\/\/mzmconception.com\/index.php\/a-propos-de\/","og_site_name":"MZM","twitter_card":"summary_large_image","schema":{"@context":"https:\/\/schema.org","@graph":[{"@type":["Person","Organization"],"@id":"https:\/\/mzmconception.com\/#\/schema\/person\/ca203a520e41e0dbcf934b61aee390e3","name":"admin5525","image":{"@type":"ImageObject","inLanguage":"en-US","@id":"https:\/\/mzmconception.com\/#\/schema\/person\/image\/","url":"https:\/\/mzmconception.com\/wp-content\/uploads\/2022\/05\/cropped-cropped-MzmRaiders-Recupere.jpg","contentUrl":"https:\/\/mzmconception.com\/wp-content\/uploads\/2022\/05\/cropped-cropped-MzmRaiders-Recupere.jpg","width":512,"height":512,"caption":"admin5525"},"logo":{"@id":"https:\/\/mzmconception.com\/#\/schema\/person\/image\/"},"sameAs":["http:\/\/mzmconception.com","https:\/\/www.instagram.com\/mzmconception"]},{"@type":"WebSite","@id":"https:\/\/mzmconception.com\/#website","url":"https:\/\/mzmconception.com\/","name":"MZM","description":"","publisher":{"@id":"https:\/\/mzmconception.com\/#\/schema\/person\/ca203a520e41e0dbcf934b61aee390e3"},"potentialAction":[{"@type":"SearchAction","target":{"@type":"EntryPoint","urlTemplate":"https:\/\/mzmconception.com\/?s={search_term_string}"},"query-input":"required name=search_term_string"}],"inLanguage":"en-US"},{"@type":"WebPage","@id":"https:\/\/mzmconception.com\/index.php\/a-propos-de\/#webpage","url":"https:\/\/mzmconception.com\/index.php\/a-propos-de\/","name":"\u00c0 propos de - MZM","isPartOf":{"@id":"https:\/\/mzmconception.com\/#website"},"datePublished":"2022-05-26T22:13:03+00:00","dateModified":"2022-05-26T22:13:03+00:00","breadcrumb":{"@id":"https:\/\/mzmconception.com\/index.php\/a-propos-de\/#breadcrumb"},"inLanguage":"en-US","potentialAction":[{"@type":"ReadAction","target":["https:\/\/mzmconception.com\/index.php\/a-propos-de\/"]}]},{"@type":"BreadcrumbList","@id":"https:\/\/mzmconception.com\/index.php\/a-propos-de\/#breadcrumb","itemListElement":[{"@type":"ListItem","position":1,"name":"Accueil","item":"https:\/\/mzmconception.com\/"},{"@type":"ListItem","position":2,"name":"\u00c0 propos de"}]}]}},"_links":{"self":[{"href":"https:\/\/mzmconception.com\/index.php\/wp-json\/wp\/v2\/pages\/13","targetHints":{"allow":["GET"]}}],"collection":[{"href":"https:\/\/mzmconception.com\/index.php\/wp-json\/wp\/v2\/pages"}],"about":[{"href":"https:\/\/mzmconception.com\/index.php\/wp-json\/wp\/v2\/types\/page"}],"author":[{"embeddable":true,"href":"https:\/\/mzmconception.com\/index.php\/wp-json\/wp\/v2\/users\/1"}],"replies":[{"embeddable":true,"href":"https:\/\/mzmconception.com\/index.php\/wp-json\/wp\/v2\/comments?post=13"}],"version-history":[{"count":1,"href":"https:\/\/mzmconception.com\/index.php\/wp-json\/wp\/v2\/pages\/13\/revisions"}],"predecessor-version":[{"id":18,"href":"https:\/\/mzmconception.com\/index.php\/wp-json\/wp\/v2\/pages\/13\/revisions\/18"}],"wp:attachment":[{"href":"https:\/\/mzmconception.com\/index.php\/wp-json\/wp\/v2\/media?parent=13"}],"curies":[{"name":"wp","href":"https:\/\/api.w.org\/{rel}","templated":true}]}}